{"id":965,"date":"2025-05-13T12:37:52","date_gmt":"2025-05-13T10:37:52","guid":{"rendered":"https:\/\/rainbow-harvest.com\/aviso-legal\/"},"modified":"2025-06-19T13:52:11","modified_gmt":"2025-06-19T11:52:11","slug":"impressum","status":"publish","type":"page","link":"https:\/\/rainbow-harvest.com\/de\/impressum\/","title":{"rendered":"Impressum"},"content":{"rendered":"<p><div class=\"fusion-fullwidth fullwidth-box fusion-builder-row-1 fusion-flex-container has-pattern-background has-mask-background nonhundred-percent-fullwidth non-hundred-percent-height-scrolling\" style=\"--awb-border-radius-top-left:0px;--awb-border-radius-top-right:0px;--awb-border-radius-bottom-right:0px;--awb-border-radius-bottom-left:0px;--awb-padding-top:140px;--awb-background-color:rgba(238,122,25,0.5);--awb-flex-wrap:wrap;\" ><div class=\"fusion-builder-row fusion-row fusion-flex-align-items-flex-start fusion-flex-content-wrap\" style=\"max-width:1414.4px;margin-left: calc(-4% \/ 2 );margin-right: calc(-4% \/ 2 );\"><div class=\"fusion-layout-column fusion_builder_column fusion-builder-column-0 fusion_builder_column_1_1 1_1 fusion-flex-column\" style=\"--awb-bg-size:cover;--awb-width-large:100%;--awb-margin-top-large:0px;--awb-spacing-right-large:1.92%;--awb-margin-bottom-large:0px;--awb-spacing-left-large:1.92%;--awb-width-medium:100%;--awb-order-medium:0;--awb-spacing-right-medium:1.92%;--awb-spacing-left-medium:1.92%;--awb-width-small:100%;--awb-order-small:0;--awb-spacing-right-small:1.92%;--awb-spacing-left-small:1.92%;\" data-scroll-devices=\"small-visibility,medium-visibility,large-visibility\"><div class=\"fusion-column-wrapper fusion-column-has-shadow fusion-flex-justify-content-flex-start fusion-content-layout-column\"><div class=\"fusion-title title fusion-title-1 fusion-sep-none fusion-title-text fusion-title-size-one fusion-animated title-gradient\" data-animationType=\"fadeInUp\" data-animationDuration=\"0.6\" data-animationOffset=\"top-into-view\"><h1 class=\"fusion-title-heading title-heading-left awb-gradient-text\" style=\"margin:0;background-color:var(--awb-color5);background-image:linear-gradient(90deg, var(--awb-color5) 25%,var(--awb-custom_color_3) 100%);\">Impressum<\/h1><\/div><nav class=\"fusion-breadcrumbs awb-yoast-breadcrumbs fusion-breadcrumbs-1 fusion-animated\" style=\"--awb-breadcrumb-sep:&#039;\/&#039;;\" aria-label=\"Breadcrumb\" data-animationType=\"fadeInUp\" data-animationDuration=\"0.6\" data-animationDelay=\"0.3\" data-animationOffset=\"top-into-view\"><span><span><a href=\"https:\/\/rainbow-harvest.com\/de\/\">Portada<\/a><\/span><\/span><\/nav><div class=\"fusion-section-separator section-separator paint fusion-section-separator-1\" style=\"--awb-spacer-height:100px;--awb-svg-margin-left:1.92%;--awb-svg-margin-right:1.92%;--awb-svg-margin-left-medium:1.92%;--awb-svg-margin-right-medium:1.92%;--awb-svg-margin-left-small:1.92%;--awb-svg-margin-right-small:1.92%;--awb-divider-height:100px;--awb-spacer-padding-top:inherit;--awb-bg-size:100% 100px;--awb-bg-size-medium:100% 100%;--awb-bg-size-small:100% 100%;\"><div class=\"fusion-section-separator-svg\"><div class=\"fusion-paint-candy-sep fusion-section-separator-svg-bg\" style=\"background-image:url( data:image\/svg+xml;utf8,%3Csvg%20xmlns%3D%22http%3A%2F%2Fwww.w3.org%2F2000%2Fsvg%22%20version%3D%221.1%22%20width%3D%22100%25%22%20viewBox%3D%220%200%201803%2080%22%20preserveAspectRatio%3D%22none%22%20fill%3D%22rgba%28255%2C255%2C255%2C1%29%22%3E%3Cpath%20fill-rule%3D%22evenodd%22%20clip-rule%3D%22evenodd%22%20d%3D%22M0%2080H1803V26C1784.41%2025.8996%201762.68%209.75718%201738.97%209.57099C1693.26%207.04734%201626.64%205%201620%205C1613.36%205%201618.69%206.38627%201635.43%208.57938C1519.69%207.26321%201396.35%205.10623%201357.8%202.00005C1283.33%20-3.99995%20628.99%2011.0001%20613.147%2019.0001C611.092%2020.0374%20598.481%2019.7347%20581.75%2019.333C565.698%2018.9477%20545.856%2018.4714%20527.905%2019.0001C484.229%2017.4357%20343.332%2026.7%20339%2027.5C335.893%2028.0739%20354.583%2028.5402%20379.722%2029.1674C389.625%2029.4145%20400.529%2029.6866%20411.495%2030C300.112%2032.3341%20233.922%2025.2149%20204.382%2019.0001C170.16%2011.8001%2053.8682%2019.3334%200%2026.0001V80ZM931.932%2015C986.631%2011.7818%201105.82%206.01373%201144.97%208.68733C1158.02%209.57804%201148.42%209.68297%201126.58%209.92161C1113.52%2010.0644%201096.09%2010.255%201076.5%2010.6902C1056.27%2011.1397%201033.75%2011.9388%201011.4%2012.7321C982.962%2013.7411%20954.791%2014.7408%20931.932%2015Z%22%20fill%3D%22var%28--awb-color1%29%22%2F%3E%3C%2Fsvg%3E );\"><\/div><\/div><div class=\"fusion-section-separator-spacer\"><div class=\"fusion-section-separator-spacer-height\"><\/div><\/div><\/div><\/div><\/div><\/div><\/div>\n<div class=\"fusion-fullwidth fullwidth-box fusion-builder-row-2 fusion-flex-container has-pattern-background has-mask-background nonhundred-percent-fullwidth non-hundred-percent-height-scrolling\" style=\"--awb-border-radius-top-left:0px;--awb-border-radius-top-right:0px;--awb-border-radius-bottom-right:0px;--awb-border-radius-bottom-left:0px;--awb-flex-wrap:wrap;\" ><div class=\"fusion-builder-row fusion-row fusion-flex-align-items-flex-start fusion-flex-content-wrap\" style=\"max-width:1414.4px;margin-left: calc(-4% \/ 2 );margin-right: calc(-4% \/ 2 );\"><div class=\"fusion-layout-column fusion_builder_column fusion-builder-column-1 fusion_builder_column_1_1 1_1 fusion-flex-column\" style=\"--awb-bg-size:cover;--awb-width-large:100%;--awb-margin-top-large:0px;--awb-spacing-right-large:1.92%;--awb-margin-bottom-large:20px;--awb-spacing-left-large:1.92%;--awb-width-medium:100%;--awb-order-medium:0;--awb-spacing-right-medium:1.92%;--awb-spacing-left-medium:1.92%;--awb-width-small:100%;--awb-order-small:0;--awb-spacing-right-small:1.92%;--awb-spacing-left-small:1.92%;\"><div class=\"fusion-column-wrapper fusion-column-has-shadow fusion-flex-justify-content-flex-start fusion-content-layout-column\"><div class=\"fusion-text fusion-text-1\"><p data-start=\"172\" data-end=\"332\">In Erf\u00fcllung von Artikel 10 des Gesetzes 34\/2002 vom 11. Juli \u00fcber Dienstleistungen der Informationsgesellschaft und elektronischen Handel (LSSI+CE) werden Sie hiermit informiert:<\/p>\n<p data-start=\"334\" data-end=\"393\"><strong data-start=\"334\" data-end=\"393\">Der Inhaber der Website <a class=\"\" href=\"http:\/\/www.rainbow-harvest.com\" target=\"_new\" rel=\"noopener\" data-start=\"364\" data-end=\"387\">www.rainbow-harvest.com<\/a> ist:<\/strong><\/p>\n<p data-start=\"395\" data-end=\"764\"><strong data-start=\"395\" data-end=\"419\">Firmenname:<\/strong> Rainbow Harvest S.L.<br data-start=\"440\" data-end=\"443\" \/><strong data-start=\"443\" data-end=\"466\">B\u00fcroadresse:<\/strong> Plataforma Log\u00edstica PLA-ZA, C\/ Caravis, 28 \u2013 2. Etage \u2013 B\u00fcro 7, 50197 Zaragoza \u2013 SPANIEN<br data-start=\"558\" data-end=\"561\" \/><strong data-start=\"561\" data-end=\"582\">Gesellschaftsadresse:<\/strong> P\u00ba Antonio Negre Garc\u00eda, 26, 50820 \u2013 San Juan de Mozarrifar, Zaragoza \u2013 SPANIEN<br data-start=\"660\" data-end=\"663\" \/><strong data-start=\"663\" data-end=\"677\">Telefon:<\/strong> +34 663 307 087 \/ +34 670 034 165<br data-start=\"711\" data-end=\"714\" \/><strong data-start=\"714\" data-end=\"737\">E-Mail:<\/strong> <a class=\"cursor-pointer\" rel=\"noopener\" data-start=\"738\" data-end=\"762\">info@rainbow-harvest.com<\/a><\/p>\n<hr data-start=\"766\" data-end=\"769\" \/>\n<h3 data-start=\"771\" data-end=\"784\">Ihre Daten<\/h3>\n<p data-start=\"786\" data-end=\"1107\">Die vom Nutzer bereitgestellten Informationen oder personenbezogenen Daten werden gem\u00e4\u00df den Bestimmungen der Datenschutzrichtlinien verarbeitet. Durch die Nutzung dieser Website erkl\u00e4rt sich der Nutzer mit der Verarbeitung dieser Informationen einverstanden und best\u00e4tigt, dass alle angegebenen Daten wahrheitsgem\u00e4\u00df und der Realit\u00e4t entsprechend sind.<\/p>\n<hr data-start=\"1109\" data-end=\"1112\" \/>\n<h3 data-start=\"1114\" data-end=\"1161\">Datenschutz \/ Schutz personenbezogener Daten<\/h3>\n<p data-start=\"1163\" data-end=\"1395\">Rainbow Harvest S.L. befolgt die Richtlinien der Datenschutz-Grundverordnung (Verordnung (EU) 2016\/679) und der geltenden Gesetzgebung und sorgt daf\u00fcr, dass die personenbezogenen Daten des Nutzers angemessen und sicher verwendet werden.<\/p>\n<p data-start=\"1397\" data-end=\"1830\">Bei jedem Formular zur Erhebung personenbezogener Daten wird der Nutzer \u00fcber das Vorhandensein und die Annahme der besonderen Bedingungen der Datenverarbeitung, die Identit\u00e4t des Verantwortlichen, die Kontaktadresse, die Rechte, die er aus\u00fcben kann (Auskunft, Berichtigung, L\u00f6schung, Widerspruch, Einschr\u00e4nkung und \u00dcbertragbarkeit), den Zweck der Nutzung und gegebenenfalls die m\u00f6gliche \u00dcbermittlung von Daten an Dritte informiert.<\/p>\n<p data-start=\"1832\" data-end=\"2110\">Ebenso informiert Rainbow Harvest S.L., dass das Gesetz 34\/2002 \u00fcber Dienstleistungen der Informationsgesellschaft und elektronischen Handel eingehalten wird und der Nutzer um seine Zustimmung zur Verarbeitung seiner E-Mail-Adresse zu kommerziellen Zwecken gebeten wird, sofern dies angebracht ist.<\/p>\n<hr data-start=\"2112\" data-end=\"2115\" \/>\n<h3 data-start=\"2117\" data-end=\"2136\">Minderj\u00e4hrige<\/h3>\n<p data-start=\"2138\" data-end=\"2426\">Die Inhalte dieser Website richten sich an Erwachsene. Rainbow Harvest S.L. sammelt nicht absichtlich personenbezogene Daten von Minderj\u00e4hrigen. Sollte festgestellt werden, dass Daten von Minderj\u00e4hrigen ohne Zustimmung eingehen, werden diese umgehend gel\u00f6scht.<\/p>\n<hr data-start=\"2428\" data-end=\"2431\" \/>\n<h3 data-start=\"2433\" data-end=\"2461\">Pflichten des Nutzers<\/h3>\n<p data-start=\"2463\" data-end=\"2791\">Der Nutzer verpflichtet sich, diese Website sorgf\u00e4ltig, rechtm\u00e4\u00dfig und respektvoll gem\u00e4\u00df den hier festgelegten Bedingungen zu nutzen. Der Nutzer darf die Website nicht verwenden, um Inhalte zu \u00fcbermitteln, zu speichern oder zu verbreiten, die Viren oder anderen sch\u00e4dlichen Code enthalten, der dazu bestimmt ist, Computersysteme zu besch\u00e4digen oder deren Funktion zu beeintr\u00e4chtigen.<\/p>\n<hr data-start=\"2793\" data-end=\"2796\" \/>\n<h3 data-start=\"2798\" data-end=\"2836\">Gewerblicher Rechtsschutz und Urheberrecht<\/h3>\n<p data-start=\"2838\" data-end=\"3266\">Rainbow Harvest S.L. ist als Eigent\u00fcmer oder Rechtsnachfolger Inhaber aller gewerblichen Schutzrechte und Urheberrechte an dieser Website und den darin enthaltenen Elementen (Texte, Bilder, Design, Software, Logos, Struktur usw.). Die Vervielf\u00e4ltigung, Verbreitung oder \u00f6ffentliche Zug\u00e4nglichmachung der gesamten oder eines Teils der Inhalte dieser Website ist ohne ausdr\u00fcckliche Genehmigung untersagt, es sei denn, sie erfolgt zum pers\u00f6nlichen und privaten Gebrauch des Nutzers.<\/p>\n<p data-start=\"3268\" data-end=\"3486\">Der Nutzer muss jederzeit die gewerblichen Schutzrechte und Urheberrechte von Rainbow Harvest S.L. respektieren und darf keines der Schutzsysteme der Website entfernen, \u00e4ndern oder manipulieren.<\/p>\n<hr data-start=\"3488\" data-end=\"3491\" \/>\n<h3 data-start=\"3493\" data-end=\"3517\">Ausschlussrecht<\/h3>\n<p data-start=\"3519\" data-end=\"3833\">Rainbow Harvest S.L. beh\u00e4lt sich das Recht vor, den Zugang zur Website und zu ihren Diensten ohne vorherige Ank\u00fcndigung zu verweigern oder zu entziehen, falls Nutzer gegen diese Nutzungsbedingungen versto\u00dfen. Ebenso beh\u00e4lt sich das Unternehmen das Recht vor, alle rechtlichen, zivil- oder strafrechtlichen Ma\u00dfnahmen zu ergreifen, die zum Schutz seiner Rechte erforderlich sind.<\/p>\n<hr data-start=\"3835\" data-end=\"3838\" \/>\n<h3 data-start=\"3840\" data-end=\"3868\">\u00c4nderungen und Links<\/h3>\n<p data-start=\"3870\" data-end=\"4042\">Rainbow Harvest S.L. beh\u00e4lt sich das Recht vor, die Inhalte, Dienste oder die Struktur der Website sowie die hierin festgelegten Nutzungsbedingungen ohne vorherige Ank\u00fcndigung zu \u00e4ndern.<\/p>\n<p data-start=\"4044\" data-end=\"4204\">Rainbow Harvest S.L. \u00fcbernimmt keine Verantwortung f\u00fcr den Missbrauch der Inhalte dieser Website; die alleinige Verantwortung liegt bei dem Nutzer, der darauf zugreift oder sie nutzt.<\/p>\n<hr data-start=\"4206\" data-end=\"4209\" \/>\n<h3 data-start=\"4211\" data-end=\"4243\">Anwendbares Recht und Gerichtsstand<\/h3>\n<p data-start=\"4245\" data-end=\"4571\">Die Nutzungsbedingungen dieser Website unterliegen spanischem Recht. F\u00fcr alle Streitigkeiten, die sich aus dem Zugang oder der Nutzung der Website ergeben k\u00f6nnen, unterwerfen sich die Parteien ausdr\u00fccklich der Gerichtsbarkeit der Gerichte von <strong data-start=\"4494\" data-end=\"4506\">Zaragoza<\/strong> und verzichten auf jeden anderen Gerichtsstand, der ihnen zustehen k\u00f6nnte.<\/p>\n<\/div><\/div><\/div><\/div><\/div><\/p>\n","protected":false},"excerpt":{"rendered":"","protected":false},"author":5,"featured_media":0,"parent":0,"menu_order":0,"comment_status":"closed","ping_status":"closed","template":"100-width.php","meta":{"footnotes":""},"class_list":["post-965","page","type-page","status-publish","hentry"],"yoast_head":"<!-- This site is optimized with the Yoast SEO plugin v25.3.1 - https:\/\/yoast.com\/wordpress\/plugins\/seo\/ -->\n<title>Impressum - Rainbow Harvest<\/title>\n<meta name=\"robots\" content=\"index, follow, max-snippet:-1, max-image-preview:large, max-video-preview:-1\" \/>\n<link rel=\"canonical\" href=\"https:\/\/rainbow-harvest.com\/de\/impressum\/\" \/>\n<meta property=\"og:locale\" content=\"de_DE\" \/>\n<meta property=\"og:type\" content=\"article\" \/>\n<meta property=\"og:title\" content=\"Impressum - Rainbow Harvest\" \/>\n<meta property=\"og:url\" content=\"https:\/\/rainbow-harvest.com\/de\/impressum\/\" \/>\n<meta property=\"og:site_name\" content=\"Rainbow Harvest\" \/>\n<meta property=\"article:modified_time\" content=\"2025-06-19T11:52:11+00:00\" \/>\n<meta name=\"twitter:card\" content=\"summary_large_image\" \/>\n<meta name=\"twitter:label1\" content=\"Gesch\u00e4tzte Lesezeit\" \/>\n\t<meta name=\"twitter:data1\" content=\"4\u00a0Minuten\" \/>\n<script type=\"application\/ld+json\" class=\"yoast-schema-graph\">{\"@context\":\"https:\/\/schema.org\",\"@graph\":[{\"@type\":\"WebPage\",\"@id\":\"https:\/\/rainbow-harvest.com\/de\/impressum\/\",\"url\":\"https:\/\/rainbow-harvest.com\/de\/impressum\/\",\"name\":\"Impressum - Rainbow Harvest\",\"isPartOf\":{\"@id\":\"https:\/\/rainbow-harvest.com\/#website\"},\"datePublished\":\"2025-05-13T10:37:52+00:00\",\"dateModified\":\"2025-06-19T11:52:11+00:00\",\"breadcrumb\":{\"@id\":\"https:\/\/rainbow-harvest.com\/de\/impressum\/#breadcrumb\"},\"inLanguage\":\"de\",\"potentialAction\":[{\"@type\":\"ReadAction\",\"target\":[\"https:\/\/rainbow-harvest.com\/de\/impressum\/\"]}]},{\"@type\":\"BreadcrumbList\",\"@id\":\"https:\/\/rainbow-harvest.com\/de\/impressum\/#breadcrumb\",\"itemListElement\":[{\"@type\":\"ListItem\",\"position\":1,\"name\":\"Portada\",\"item\":\"https:\/\/rainbow-harvest.com\/de\/\"},{\"@type\":\"ListItem\",\"position\":2,\"name\":\"Impressum\"}]},{\"@type\":\"WebSite\",\"@id\":\"https:\/\/rainbow-harvest.com\/#website\",\"url\":\"https:\/\/rainbow-harvest.com\/\",\"name\":\"Rainbow Harvest\",\"description\":\"Rainbow Harvest\",\"publisher\":{\"@id\":\"https:\/\/rainbow-harvest.com\/#organization\"},\"potentialAction\":[{\"@type\":\"SearchAction\",\"target\":{\"@type\":\"EntryPoint\",\"urlTemplate\":\"https:\/\/rainbow-harvest.com\/?s={search_term_string}\"},\"query-input\":{\"@type\":\"PropertyValueSpecification\",\"valueRequired\":true,\"valueName\":\"search_term_string\"}}],\"inLanguage\":\"de\"},{\"@type\":\"Organization\",\"@id\":\"https:\/\/rainbow-harvest.com\/#organization\",\"name\":\"Rainbow Harvest\",\"url\":\"https:\/\/rainbow-harvest.com\/\",\"logo\":{\"@type\":\"ImageObject\",\"inLanguage\":\"de\",\"@id\":\"https:\/\/rainbow-harvest.com\/#\/schema\/logo\/image\/\",\"url\":\"https:\/\/rainbow-harvest.com\/wp-content\/uploads\/2025\/05\/logo_rainbow1.png\",\"contentUrl\":\"https:\/\/rainbow-harvest.com\/wp-content\/uploads\/2025\/05\/logo_rainbow1.png\",\"width\":190,\"height\":97,\"caption\":\"Rainbow Harvest\"},\"image\":{\"@id\":\"https:\/\/rainbow-harvest.com\/#\/schema\/logo\/image\/\"}}]}<\/script>\n<!-- \/ Yoast SEO plugin. -->","yoast_head_json":{"title":"Impressum - Rainbow Harvest","robots":{"index":"index","follow":"follow","max-snippet":"max-snippet:-1","max-image-preview":"max-image-preview:large","max-video-preview":"max-video-preview:-1"},"canonical":"https:\/\/rainbow-harvest.com\/de\/impressum\/","og_locale":"de_DE","og_type":"article","og_title":"Impressum - Rainbow Harvest","og_url":"https:\/\/rainbow-harvest.com\/de\/impressum\/","og_site_name":"Rainbow Harvest","article_modified_time":"2025-06-19T11:52:11+00:00","twitter_card":"summary_large_image","twitter_misc":{"Gesch\u00e4tzte Lesezeit":"4\u00a0Minuten"},"schema":{"@context":"https:\/\/schema.org","@graph":[{"@type":"WebPage","@id":"https:\/\/rainbow-harvest.com\/de\/impressum\/","url":"https:\/\/rainbow-harvest.com\/de\/impressum\/","name":"Impressum - Rainbow Harvest","isPartOf":{"@id":"https:\/\/rainbow-harvest.com\/#website"},"datePublished":"2025-05-13T10:37:52+00:00","dateModified":"2025-06-19T11:52:11+00:00","breadcrumb":{"@id":"https:\/\/rainbow-harvest.com\/de\/impressum\/#breadcrumb"},"inLanguage":"de","potentialAction":[{"@type":"ReadAction","target":["https:\/\/rainbow-harvest.com\/de\/impressum\/"]}]},{"@type":"BreadcrumbList","@id":"https:\/\/rainbow-harvest.com\/de\/impressum\/#breadcrumb","itemListElement":[{"@type":"ListItem","position":1,"name":"Portada","item":"https:\/\/rainbow-harvest.com\/de\/"},{"@type":"ListItem","position":2,"name":"Impressum"}]},{"@type":"WebSite","@id":"https:\/\/rainbow-harvest.com\/#website","url":"https:\/\/rainbow-harvest.com\/","name":"Rainbow Harvest","description":"Rainbow Harvest","publisher":{"@id":"https:\/\/rainbow-harvest.com\/#organization"},"potentialAction":[{"@type":"SearchAction","target":{"@type":"EntryPoint","urlTemplate":"https:\/\/rainbow-harvest.com\/?s={search_term_string}"},"query-input":{"@type":"PropertyValueSpecification","valueRequired":true,"valueName":"search_term_string"}}],"inLanguage":"de"},{"@type":"Organization","@id":"https:\/\/rainbow-harvest.com\/#organization","name":"Rainbow Harvest","url":"https:\/\/rainbow-harvest.com\/","logo":{"@type":"ImageObject","inLanguage":"de","@id":"https:\/\/rainbow-harvest.com\/#\/schema\/logo\/image\/","url":"https:\/\/rainbow-harvest.com\/wp-content\/uploads\/2025\/05\/logo_rainbow1.png","contentUrl":"https:\/\/rainbow-harvest.com\/wp-content\/uploads\/2025\/05\/logo_rainbow1.png","width":190,"height":97,"caption":"Rainbow Harvest"},"image":{"@id":"https:\/\/rainbow-harvest.com\/#\/schema\/logo\/image\/"}}]}},"_links":{"self":[{"href":"https:\/\/rainbow-harvest.com\/de\/wp-json\/wp\/v2\/pages\/965","targetHints":{"allow":["GET"]}}],"collection":[{"href":"https:\/\/rainbow-harvest.com\/de\/wp-json\/wp\/v2\/pages"}],"about":[{"href":"https:\/\/rainbow-harvest.com\/de\/wp-json\/wp\/v2\/types\/page"}],"author":[{"embeddable":true,"href":"https:\/\/rainbow-harvest.com\/de\/wp-json\/wp\/v2\/users\/5"}],"replies":[{"embeddable":true,"href":"https:\/\/rainbow-harvest.com\/de\/wp-json\/wp\/v2\/comments?post=965"}],"version-history":[{"count":3,"href":"https:\/\/rainbow-harvest.com\/de\/wp-json\/wp\/v2\/pages\/965\/revisions"}],"predecessor-version":[{"id":1108,"href":"https:\/\/rainbow-harvest.com\/de\/wp-json\/wp\/v2\/pages\/965\/revisions\/1108"}],"wp:attachment":[{"href":"https:\/\/rainbow-harvest.com\/de\/wp-json\/wp\/v2\/media?parent=965"}],"curies":[{"name":"wp","href":"https:\/\/api.w.org\/{rel}","templated":true}]}}