{"id":964,"date":"2025-05-13T12:38:15","date_gmt":"2025-05-13T10:38:15","guid":{"rendered":"https:\/\/rainbow-harvest.com\/politica-de-privacidad\/"},"modified":"2025-06-19T13:58:35","modified_gmt":"2025-06-19T11:58:35","slug":"datenschutzrichtlinie","status":"publish","type":"page","link":"https:\/\/rainbow-harvest.com\/de\/datenschutzrichtlinie\/","title":{"rendered":"Datenschutzrichtlinie"},"content":{"rendered":"<p><div class=\"fusion-fullwidth fullwidth-box fusion-builder-row-1 fusion-flex-container has-pattern-background has-mask-background nonhundred-percent-fullwidth non-hundred-percent-height-scrolling\" style=\"--awb-border-radius-top-left:0px;--awb-border-radius-top-right:0px;--awb-border-radius-bottom-right:0px;--awb-border-radius-bottom-left:0px;--awb-padding-top:140px;--awb-background-color:rgba(238,122,25,0.5);--awb-flex-wrap:wrap;\" ><div class=\"fusion-builder-row fusion-row fusion-flex-align-items-flex-start fusion-flex-content-wrap\" style=\"max-width:1414.4px;margin-left: calc(-4% \/ 2 );margin-right: calc(-4% \/ 2 );\"><div class=\"fusion-layout-column fusion_builder_column fusion-builder-column-0 fusion_builder_column_1_1 1_1 fusion-flex-column\" style=\"--awb-bg-size:cover;--awb-width-large:100%;--awb-margin-top-large:0px;--awb-spacing-right-large:1.92%;--awb-margin-bottom-large:0px;--awb-spacing-left-large:1.92%;--awb-width-medium:100%;--awb-order-medium:0;--awb-spacing-right-medium:1.92%;--awb-spacing-left-medium:1.92%;--awb-width-small:100%;--awb-order-small:0;--awb-spacing-right-small:1.92%;--awb-spacing-left-small:1.92%;\" data-scroll-devices=\"small-visibility,medium-visibility,large-visibility\"><div class=\"fusion-column-wrapper fusion-column-has-shadow fusion-flex-justify-content-flex-start fusion-content-layout-column\"><div class=\"fusion-title title fusion-title-1 fusion-sep-none fusion-title-text fusion-title-size-one fusion-animated title-gradient\" data-animationType=\"fadeInUp\" data-animationDuration=\"0.6\" data-animationOffset=\"top-into-view\"><h1 class=\"fusion-title-heading title-heading-left awb-gradient-text\" style=\"margin:0;background-color:var(--awb-color5);background-image:linear-gradient(90deg, var(--awb-color5) 25%,var(--awb-custom_color_3) 100%);\">Datenschutzrichtlinie<\/h1><\/div><nav class=\"fusion-breadcrumbs awb-yoast-breadcrumbs fusion-breadcrumbs-1 fusion-animated\" style=\"--awb-breadcrumb-sep:&#039;\/&#039;;\" aria-label=\"Breadcrumb\" data-animationType=\"fadeInUp\" data-animationDuration=\"0.6\" data-animationDelay=\"0.3\" data-animationOffset=\"top-into-view\"><span><span><a href=\"https:\/\/rainbow-harvest.com\/de\/\">Portada<\/a><\/span><\/span><\/nav><div class=\"fusion-section-separator section-separator paint fusion-section-separator-1\" style=\"--awb-spacer-height:100px;--awb-svg-margin-left:1.92%;--awb-svg-margin-right:1.92%;--awb-svg-margin-left-medium:1.92%;--awb-svg-margin-right-medium:1.92%;--awb-svg-margin-left-small:1.92%;--awb-svg-margin-right-small:1.92%;--awb-divider-height:100px;--awb-spacer-padding-top:inherit;--awb-bg-size:100% 100px;--awb-bg-size-medium:100% 100%;--awb-bg-size-small:100% 100%;\"><div class=\"fusion-section-separator-svg\"><div class=\"fusion-paint-candy-sep fusion-section-separator-svg-bg\" style=\"background-image:url( data:image\/svg+xml;utf8,%3Csvg%20xmlns%3D%22http%3A%2F%2Fwww.w3.org%2F2000%2Fsvg%22%20version%3D%221.1%22%20width%3D%22100%25%22%20viewBox%3D%220%200%201803%2080%22%20preserveAspectRatio%3D%22none%22%20fill%3D%22rgba%28255%2C255%2C255%2C1%29%22%3E%3Cpath%20fill-rule%3D%22evenodd%22%20clip-rule%3D%22evenodd%22%20d%3D%22M0%2080H1803V26C1784.41%2025.8996%201762.68%209.75718%201738.97%209.57099C1693.26%207.04734%201626.64%205%201620%205C1613.36%205%201618.69%206.38627%201635.43%208.57938C1519.69%207.26321%201396.35%205.10623%201357.8%202.00005C1283.33%20-3.99995%20628.99%2011.0001%20613.147%2019.0001C611.092%2020.0374%20598.481%2019.7347%20581.75%2019.333C565.698%2018.9477%20545.856%2018.4714%20527.905%2019.0001C484.229%2017.4357%20343.332%2026.7%20339%2027.5C335.893%2028.0739%20354.583%2028.5402%20379.722%2029.1674C389.625%2029.4145%20400.529%2029.6866%20411.495%2030C300.112%2032.3341%20233.922%2025.2149%20204.382%2019.0001C170.16%2011.8001%2053.8682%2019.3334%200%2026.0001V80ZM931.932%2015C986.631%2011.7818%201105.82%206.01373%201144.97%208.68733C1158.02%209.57804%201148.42%209.68297%201126.58%209.92161C1113.52%2010.0644%201096.09%2010.255%201076.5%2010.6902C1056.27%2011.1397%201033.75%2011.9388%201011.4%2012.7321C982.962%2013.7411%20954.791%2014.7408%20931.932%2015Z%22%20fill%3D%22var%28--awb-color1%29%22%2F%3E%3C%2Fsvg%3E );\"><\/div><\/div><div class=\"fusion-section-separator-spacer\"><div class=\"fusion-section-separator-spacer-height\"><\/div><\/div><\/div><\/div><\/div><\/div><\/div>\n<div class=\"fusion-fullwidth fullwidth-box fusion-builder-row-2 fusion-flex-container has-pattern-background has-mask-background nonhundred-percent-fullwidth non-hundred-percent-height-scrolling\" style=\"--awb-border-radius-top-left:0px;--awb-border-radius-top-right:0px;--awb-border-radius-bottom-right:0px;--awb-border-radius-bottom-left:0px;--awb-flex-wrap:wrap;\" ><div class=\"fusion-builder-row fusion-row fusion-flex-align-items-flex-start fusion-flex-content-wrap\" style=\"max-width:1414.4px;margin-left: calc(-4% \/ 2 );margin-right: calc(-4% \/ 2 );\"><div class=\"fusion-layout-column fusion_builder_column fusion-builder-column-1 fusion_builder_column_1_1 1_1 fusion-flex-column\" style=\"--awb-bg-size:cover;--awb-width-large:100%;--awb-margin-top-large:0px;--awb-spacing-right-large:1.92%;--awb-margin-bottom-large:20px;--awb-spacing-left-large:1.92%;--awb-width-medium:100%;--awb-order-medium:0;--awb-spacing-right-medium:1.92%;--awb-spacing-left-medium:1.92%;--awb-width-small:100%;--awb-order-small:0;--awb-spacing-right-small:1.92%;--awb-spacing-left-small:1.92%;\"><div class=\"fusion-column-wrapper fusion-column-has-shadow fusion-flex-justify-content-flex-start fusion-content-layout-column\"><div class=\"fusion-text fusion-text-1\"><p data-start=\"129\" data-end=\"353\"><strong data-start=\"129\" data-end=\"154\">Rainbow Harvest S.L.,<\/strong> erf\u00fcllt die Vorgaben der Datenschutz-Grundverordnung (DSGVO 2016\/679) und informiert die Nutzer der Webseite <a class=\"\" href=\"https:\/\/www.rainbow-harvest.com\" target=\"_new\" rel=\"noopener\" data-start=\"294\" data-end=\"352\">www.rainbow-harvest.com<\/a>:<\/p>\n<h3 data-start=\"355\" data-end=\"413\">Wer ist f\u00fcr die Verarbeitung Ihrer Daten verantwortlich?<\/h3>\n<p data-start=\"415\" data-end=\"575\">Die Daten, die Sie uns \u00fcber die Formulare dieser Webseite zur Verf\u00fcgung stellen, werden in Verarbeitungen aufgenommen, f\u00fcr die <strong data-start=\"551\" data-end=\"575\">Rainbow Harvest S.L.<\/strong> verantwortlich ist.<\/p>\n<h3 data-start=\"577\" data-end=\"620\">Zu welchem Zweck erheben wir Ihre Daten?<\/h3>\n<p data-start=\"622\" data-end=\"867\">Auf dieser Webseite werden personenbezogene Daten \u00fcber verschiedene Formulare erhoben. Die in jedem Formular abgefragten Daten sind f\u00fcr den jeweiligen Zweck der Erhebung erforderlich. Die Zwecke der Datenverarbeitung sind folgende:<\/p>\n<p data-start=\"869\" data-end=\"1113\"><strong data-start=\"869\" data-end=\"896\">KONTAKTFORMULAR:<\/strong> Der Zweck der Datenerhebung in diesem Formular ist es, Ihre Anfragen zu beantworten und Ihnen die gew\u00fcnschten Informationen per E-Mail oder Telefon, wie im Formular angegeben, zuzusenden.<\/p>\n<p data-start=\"1115\" data-end=\"1405\"><strong data-start=\"1115\" data-end=\"1138\">E-MAIL:<\/strong> Wenn Sie uns \u00fcber die auf dieser Webseite ver\u00f6ffentlichte E-Mail-Adresse kontaktieren, werden Ihre Daten zur Beantwortung Ihrer Anfragen und zum Versand der gew\u00fcnschten Informationen \u00fcber die E-Mail-Adresse, von der die Anfrage stammt, verarbeitet.<\/p>\n<h3 data-start=\"1407\" data-end=\"1444\">Welche Kategorien von Daten verarbeiten wir?<\/h3>\n<p data-start=\"1446\" data-end=\"1712\">Die erhobenen Daten (nicht abschlie\u00dfend aufgef\u00fchrt) beziehen sich auf die Kategorie der Identifikationsdaten, wie z.B.: Name und Nachname, Telefonnummer, E-Mail-Adresse sowie die IP-Adresse, von der aus auf das Datenerfassungsformular zugegriffen wird.<\/p>\n<h3 data-start=\"1714\" data-end=\"1763\">Wie lange speichern wir Ihre Daten?<\/h3>\n<p data-start=\"1765\" data-end=\"2001\">Wir speichern Ihre personenbezogenen Daten ab dem Zeitpunkt Ihrer Einwilligung bis zu deren Widerruf oder bis Sie die Einschr\u00e4nkung der Verarbeitung beantragen. In solchen F\u00e4llen werden Ihre Daten f\u00fcr die gesetzlich vorgeschriebenen Zeitr\u00e4ume gesperrt aufbewahrt.<\/p>\n<h3 data-start=\"2003\" data-end=\"2042\">Erstellen wir Profile mit Ihren Daten?<\/h3>\n<p data-start=\"2044\" data-end=\"2150\">Mit den von Ihnen bereitgestellten Daten werden keine automatisierten Entscheidungen getroffen oder Profile erstellt.<\/p>\n<h3 data-start=\"2152\" data-end=\"2198\">Was berechtigt die Verarbeitung Ihrer Daten?<\/h3>\n<p data-start=\"2200\" data-end=\"2466\">Die Berechtigung zur Verarbeitung Ihrer Daten ist die ausdr\u00fcckliche Einwilligung, die durch eine positive und best\u00e4tigende Handlung (Ausf\u00fcllen des entsprechenden Formulars und Ankreuzen der Zustimmung zu dieser Datenschutzrichtlinie) zum Zeitpunkt der \u00dcbermittlung Ihrer personenbezogenen Daten erteilt wird.<\/p>\n<h3 data-start=\"2468\" data-end=\"2499\">An wen geben wir Ihre Daten weiter?<\/h3>\n<p data-start=\"2501\" data-end=\"2746\">Eine Weitergabe Ihrer Daten oder internationale \u00dcbermittlungen sind nicht vorgesehen, au\u00dfer in den durch steuer-, handels- und telekommunikationsrechtliche Vorschriften genehmigten F\u00e4llen sowie in den F\u00e4llen, in denen eine gerichtliche Beh\u00f6rde dies verlangt.<\/p>\n<h3 data-start=\"2748\" data-end=\"2796\">Welche Drittanbieter erbringen Dienstleistungen auf dieser Webseite?<\/h3>\n<p data-start=\"2798\" data-end=\"2888\">F\u00fcr die Entwicklung dieser Webseite werden folgende Dienstleister genutzt:<\/p>\n<p data-start=\"2890\" data-end=\"3077\"><strong data-start=\"2890\" data-end=\"2902\">Hosting:<\/strong> Die Server, auf denen unsere Webseite gehostet wird, befinden sich in der EU und verwenden sichere Protokolle, sodass die Daten\u00fcbertragung \u00fcber einen verschl\u00fcsselten Kanal erfolgt.<\/p>\n<h3 data-start=\"3079\" data-end=\"3121\">Welche Rechte haben Sie und wie k\u00f6nnen Sie sie aus\u00fcben?<\/h3>\n<p data-start=\"3123\" data-end=\"4010\">Sie haben das Recht auf Zugang zu Ihren personenbezogenen Daten, auf Berichtigung unrichtiger Daten sowie auf deren L\u00f6schung, wenn sie unter anderem f\u00fcr die Zwecke, f\u00fcr die sie erhoben wurden, nicht mehr erforderlich sind. Unter bestimmten Umst\u00e4nden k\u00f6nnen Sie auch die Einschr\u00e4nkung der Verarbeitung beantragen, in diesem Fall werden Ihre Daten ausschlie\u00dflich zur Aus\u00fcbung oder Verteidigung von Anspr\u00fcchen gespeichert, sowie die \u00dcbertragbarkeit Ihrer Daten verlangen. Aus Gr\u00fcnden, die mit Ihrer besonderen Situation zusammenh\u00e4ngen, k\u00f6nnen Sie der Verarbeitung widersprechen. Sie k\u00f6nnen die erteilten Einwilligungen jederzeit widerrufen und Ihre Rechte durch eine E-Mail an die auf der Webseite angegebene Adresse aus\u00fcben, indem Sie eine Kopie Ihres Personalausweises beif\u00fcgen und das Recht angeben, das Sie aus\u00fcben m\u00f6chten. Sie k\u00f6nnen auch eine Beschwerde bei der Spanischen Datenschutzbeh\u00f6rde einreichen.<\/p>\n<h3 data-start=\"4012\" data-end=\"4062\">Welche Sicherheitsma\u00dfnahmen haben wir implementiert?<\/h3>\n<p data-start=\"4064\" data-end=\"4391\">Es wurden die erforderlichen technischen und organisatorischen Ma\u00dfnahmen ergriffen, um die Sicherheit der personenbezogenen Daten zu gew\u00e4hrleisten und deren Ver\u00e4nderung, Verlust, unbefugte Verarbeitung oder Zugriff zu verhindern, unter Ber\u00fccksichtigung des Stands der Technik, der Art der gespeicherten Daten und der Risiken, denen sie ausgesetzt sind.<\/p>\n<p data-start=\"4393\" data-end=\"4629\">Bitte beachten Sie, dass alle \u00c4nderungen dieser Richtlinie \u00fcber unsere Webseite oder andere geeignete Kan\u00e4le mitgeteilt werden, damit Sie jederzeit \u00fcber die von uns erhobenen Informationen und deren Verwendung informiert sind.<\/p>\n<p data-start=\"4631\" data-end=\"4921\">Die Teilnahmeregeln in unseren sozialen Netzwerken sind darauf ausgerichtet, einen respektvollen und n\u00fctzlichen Raum f\u00fcr alle zu schaffen. Jeder Nutzer, der diese nicht befolgt, kann entfernt, ausgeblendet oder blockiert werden. Wir behalten uns das Recht vor, diese Regeln jederzeit und ohne vorherige Ank\u00fcndigung zu \u00e4ndern.<\/p>\n<hr data-start=\"4923\" data-end=\"4926\" \/>\n<h3 data-start=\"4928\" data-end=\"4959\">Rechtliche Informationen (LSSI+CE)<\/h3>\n<p data-start=\"4961\" data-end=\"5118\">In Erf\u00fcllung von Artikel 10 des Gesetzes 34\/2002 vom 11. Juli \u00fcber Dienstleistungen der Informationsgesellschaft und elektronischen Handel (LSSI+CE) wird informiert:<\/p>\n<p data-start=\"5120\" data-end=\"5395\"><strong data-start=\"5120\" data-end=\"5149\">Inhaber der Webseite:<\/strong> Rainbow Harvest S.L.<br data-start=\"5170\" data-end=\"5173\" \/><strong data-start=\"5173\" data-end=\"5195\">B\u00dcROADRESSE<\/strong><br data-start=\"5195\" data-end=\"5198\" \/>Plataforma Log\u00edstica PLA-ZA<br data-start=\"5225\" data-end=\"5228\" \/>C\/ Caravis, 28 \u2013 2. Etage \u2013 B\u00fcro 7<br data-start=\"5266\" data-end=\"5269\" \/>50197 \u2013 Zaragoza<br data-start=\"5285\" data-end=\"5288\" \/>Zaragoza \u2013 SPANIEN<br data-start=\"5304\" data-end=\"5307\" \/><strong data-start=\"5307\" data-end=\"5321\">Telefon:<\/strong> +34 663 307 087 \/ +34 670 034 165<br data-start=\"5355\" data-end=\"5358\" \/><strong data-start=\"5358\" data-end=\"5368\">E-Mail:<\/strong> <a class=\"cursor-pointer\" rel=\"noopener\" data-start=\"5369\" data-end=\"5393\">info@rainbow-harvest.com<\/a><\/p>\n<p data-start=\"5397\" data-end=\"5499\"><strong data-start=\"5397\" data-end=\"5417\">GESELLSCHAFTSADRESSE<\/strong><br data-start=\"5417\" data-end=\"5420\" \/>P\u00ba Antonio Negre Garc\u00eda, 26<br data-start=\"5447\" data-end=\"5450\" \/>50820 \u2013 San Juan de Mozarrifar<br data-start=\"5480\" data-end=\"5483\" \/>Zaragoza \u2013 SPANIEN<\/p>\n<\/div><\/div><\/div><\/div><\/div><\/p>\n","protected":false},"excerpt":{"rendered":"","protected":false},"author":5,"featured_media":0,"parent":0,"menu_order":0,"comment_status":"closed","ping_status":"closed","template":"100-width.php","meta":{"footnotes":""},"class_list":["post-964","page","type-page","status-publish","hentry"],"yoast_head":"<!-- This site is optimized with the Yoast SEO plugin v25.3.1 - https:\/\/yoast.com\/wordpress\/plugins\/seo\/ -->\n<title>Datenschutzrichtlinie - Rainbow Harvest<\/title>\n<meta name=\"robots\" content=\"index, follow, max-snippet:-1, max-image-preview:large, max-video-preview:-1\" \/>\n<link rel=\"canonical\" href=\"https:\/\/rainbow-harvest.com\/de\/datenschutzrichtlinie\/\" \/>\n<meta property=\"og:locale\" content=\"de_DE\" \/>\n<meta property=\"og:type\" content=\"article\" \/>\n<meta property=\"og:title\" content=\"Datenschutzrichtlinie - Rainbow Harvest\" \/>\n<meta property=\"og:url\" content=\"https:\/\/rainbow-harvest.com\/de\/datenschutzrichtlinie\/\" \/>\n<meta property=\"og:site_name\" content=\"Rainbow Harvest\" \/>\n<meta property=\"article:modified_time\" content=\"2025-06-19T11:58:35+00:00\" \/>\n<meta name=\"twitter:card\" content=\"summary_large_image\" \/>\n<meta name=\"twitter:label1\" content=\"Gesch\u00e4tzte Lesezeit\" \/>\n\t<meta name=\"twitter:data1\" content=\"4\u00a0Minuten\" \/>\n<script type=\"application\/ld+json\" class=\"yoast-schema-graph\">{\"@context\":\"https:\/\/schema.org\",\"@graph\":[{\"@type\":\"WebPage\",\"@id\":\"https:\/\/rainbow-harvest.com\/de\/datenschutzrichtlinie\/\",\"url\":\"https:\/\/rainbow-harvest.com\/de\/datenschutzrichtlinie\/\",\"name\":\"Datenschutzrichtlinie - Rainbow Harvest\",\"isPartOf\":{\"@id\":\"https:\/\/rainbow-harvest.com\/#website\"},\"datePublished\":\"2025-05-13T10:38:15+00:00\",\"dateModified\":\"2025-06-19T11:58:35+00:00\",\"breadcrumb\":{\"@id\":\"https:\/\/rainbow-harvest.com\/de\/datenschutzrichtlinie\/#breadcrumb\"},\"inLanguage\":\"de\",\"potentialAction\":[{\"@type\":\"ReadAction\",\"target\":[\"https:\/\/rainbow-harvest.com\/de\/datenschutzrichtlinie\/\"]}]},{\"@type\":\"BreadcrumbList\",\"@id\":\"https:\/\/rainbow-harvest.com\/de\/datenschutzrichtlinie\/#breadcrumb\",\"itemListElement\":[{\"@type\":\"ListItem\",\"position\":1,\"name\":\"Portada\",\"item\":\"https:\/\/rainbow-harvest.com\/de\/\"},{\"@type\":\"ListItem\",\"position\":2,\"name\":\"Datenschutzrichtlinie\"}]},{\"@type\":\"WebSite\",\"@id\":\"https:\/\/rainbow-harvest.com\/#website\",\"url\":\"https:\/\/rainbow-harvest.com\/\",\"name\":\"Rainbow Harvest\",\"description\":\"Rainbow Harvest\",\"publisher\":{\"@id\":\"https:\/\/rainbow-harvest.com\/#organization\"},\"potentialAction\":[{\"@type\":\"SearchAction\",\"target\":{\"@type\":\"EntryPoint\",\"urlTemplate\":\"https:\/\/rainbow-harvest.com\/?s={search_term_string}\"},\"query-input\":{\"@type\":\"PropertyValueSpecification\",\"valueRequired\":true,\"valueName\":\"search_term_string\"}}],\"inLanguage\":\"de\"},{\"@type\":\"Organization\",\"@id\":\"https:\/\/rainbow-harvest.com\/#organization\",\"name\":\"Rainbow Harvest\",\"url\":\"https:\/\/rainbow-harvest.com\/\",\"logo\":{\"@type\":\"ImageObject\",\"inLanguage\":\"de\",\"@id\":\"https:\/\/rainbow-harvest.com\/#\/schema\/logo\/image\/\",\"url\":\"https:\/\/rainbow-harvest.com\/wp-content\/uploads\/2025\/05\/logo_rainbow1.png\",\"contentUrl\":\"https:\/\/rainbow-harvest.com\/wp-content\/uploads\/2025\/05\/logo_rainbow1.png\",\"width\":190,\"height\":97,\"caption\":\"Rainbow Harvest\"},\"image\":{\"@id\":\"https:\/\/rainbow-harvest.com\/#\/schema\/logo\/image\/\"}}]}<\/script>\n<!-- \/ Yoast SEO plugin. -->","yoast_head_json":{"title":"Datenschutzrichtlinie - Rainbow Harvest","robots":{"index":"index","follow":"follow","max-snippet":"max-snippet:-1","max-image-preview":"max-image-preview:large","max-video-preview":"max-video-preview:-1"},"canonical":"https:\/\/rainbow-harvest.com\/de\/datenschutzrichtlinie\/","og_locale":"de_DE","og_type":"article","og_title":"Datenschutzrichtlinie - Rainbow Harvest","og_url":"https:\/\/rainbow-harvest.com\/de\/datenschutzrichtlinie\/","og_site_name":"Rainbow Harvest","article_modified_time":"2025-06-19T11:58:35+00:00","twitter_card":"summary_large_image","twitter_misc":{"Gesch\u00e4tzte Lesezeit":"4\u00a0Minuten"},"schema":{"@context":"https:\/\/schema.org","@graph":[{"@type":"WebPage","@id":"https:\/\/rainbow-harvest.com\/de\/datenschutzrichtlinie\/","url":"https:\/\/rainbow-harvest.com\/de\/datenschutzrichtlinie\/","name":"Datenschutzrichtlinie - Rainbow Harvest","isPartOf":{"@id":"https:\/\/rainbow-harvest.com\/#website"},"datePublished":"2025-05-13T10:38:15+00:00","dateModified":"2025-06-19T11:58:35+00:00","breadcrumb":{"@id":"https:\/\/rainbow-harvest.com\/de\/datenschutzrichtlinie\/#breadcrumb"},"inLanguage":"de","potentialAction":[{"@type":"ReadAction","target":["https:\/\/rainbow-harvest.com\/de\/datenschutzrichtlinie\/"]}]},{"@type":"BreadcrumbList","@id":"https:\/\/rainbow-harvest.com\/de\/datenschutzrichtlinie\/#breadcrumb","itemListElement":[{"@type":"ListItem","position":1,"name":"Portada","item":"https:\/\/rainbow-harvest.com\/de\/"},{"@type":"ListItem","position":2,"name":"Datenschutzrichtlinie"}]},{"@type":"WebSite","@id":"https:\/\/rainbow-harvest.com\/#website","url":"https:\/\/rainbow-harvest.com\/","name":"Rainbow Harvest","description":"Rainbow Harvest","publisher":{"@id":"https:\/\/rainbow-harvest.com\/#organization"},"potentialAction":[{"@type":"SearchAction","target":{"@type":"EntryPoint","urlTemplate":"https:\/\/rainbow-harvest.com\/?s={search_term_string}"},"query-input":{"@type":"PropertyValueSpecification","valueRequired":true,"valueName":"search_term_string"}}],"inLanguage":"de"},{"@type":"Organization","@id":"https:\/\/rainbow-harvest.com\/#organization","name":"Rainbow Harvest","url":"https:\/\/rainbow-harvest.com\/","logo":{"@type":"ImageObject","inLanguage":"de","@id":"https:\/\/rainbow-harvest.com\/#\/schema\/logo\/image\/","url":"https:\/\/rainbow-harvest.com\/wp-content\/uploads\/2025\/05\/logo_rainbow1.png","contentUrl":"https:\/\/rainbow-harvest.com\/wp-content\/uploads\/2025\/05\/logo_rainbow1.png","width":190,"height":97,"caption":"Rainbow Harvest"},"image":{"@id":"https:\/\/rainbow-harvest.com\/#\/schema\/logo\/image\/"}}]}},"_links":{"self":[{"href":"https:\/\/rainbow-harvest.com\/de\/wp-json\/wp\/v2\/pages\/964","targetHints":{"allow":["GET"]}}],"collection":[{"href":"https:\/\/rainbow-harvest.com\/de\/wp-json\/wp\/v2\/pages"}],"about":[{"href":"https:\/\/rainbow-harvest.com\/de\/wp-json\/wp\/v2\/types\/page"}],"author":[{"embeddable":true,"href":"https:\/\/rainbow-harvest.com\/de\/wp-json\/wp\/v2\/users\/5"}],"replies":[{"embeddable":true,"href":"https:\/\/rainbow-harvest.com\/de\/wp-json\/wp\/v2\/comments?post=964"}],"version-history":[{"count":3,"href":"https:\/\/rainbow-harvest.com\/de\/wp-json\/wp\/v2\/pages\/964\/revisions"}],"predecessor-version":[{"id":968,"href":"https:\/\/rainbow-harvest.com\/de\/wp-json\/wp\/v2\/pages\/964\/revisions\/968"}],"wp:attachment":[{"href":"https:\/\/rainbow-harvest.com\/de\/wp-json\/wp\/v2\/media?parent=964"}],"curies":[{"name":"wp","href":"https:\/\/api.w.org\/{rel}","templated":true}]}}