{"id":960,"date":"2025-05-13T12:38:44","date_gmt":"2025-05-13T10:38:44","guid":{"rendered":"https:\/\/rainbow-harvest.com\/?page_id=960"},"modified":"2025-06-19T14:06:04","modified_gmt":"2025-06-19T12:06:04","slug":"cookie-richtlinie","status":"publish","type":"page","link":"https:\/\/rainbow-harvest.com\/de\/cookie-richtlinie\/","title":{"rendered":"Cookie-Richtlinie"},"content":{"rendered":"<p><div class=\"fusion-fullwidth fullwidth-box fusion-builder-row-1 fusion-flex-container has-pattern-background has-mask-background nonhundred-percent-fullwidth non-hundred-percent-height-scrolling\" style=\"--awb-border-radius-top-left:0px;--awb-border-radius-top-right:0px;--awb-border-radius-bottom-right:0px;--awb-border-radius-bottom-left:0px;--awb-padding-top:140px;--awb-background-color:rgba(238,122,25,0.5);--awb-flex-wrap:wrap;\" ><div class=\"fusion-builder-row fusion-row fusion-flex-align-items-flex-start fusion-flex-content-wrap\" style=\"max-width:1414.4px;margin-left: calc(-4% \/ 2 );margin-right: calc(-4% \/ 2 );\"><div class=\"fusion-layout-column fusion_builder_column fusion-builder-column-0 fusion_builder_column_1_1 1_1 fusion-flex-column\" style=\"--awb-bg-size:cover;--awb-width-large:100%;--awb-margin-top-large:0px;--awb-spacing-right-large:1.92%;--awb-margin-bottom-large:0px;--awb-spacing-left-large:1.92%;--awb-width-medium:100%;--awb-order-medium:0;--awb-spacing-right-medium:1.92%;--awb-spacing-left-medium:1.92%;--awb-width-small:100%;--awb-order-small:0;--awb-spacing-right-small:1.92%;--awb-spacing-left-small:1.92%;\" data-scroll-devices=\"small-visibility,medium-visibility,large-visibility\"><div class=\"fusion-column-wrapper fusion-column-has-shadow fusion-flex-justify-content-flex-start fusion-content-layout-column\"><div class=\"fusion-title title fusion-title-1 fusion-sep-none fusion-title-text fusion-title-size-one fusion-animated title-gradient\" data-animationType=\"fadeInUp\" data-animationDuration=\"0.6\" data-animationOffset=\"top-into-view\"><h1 class=\"fusion-title-heading title-heading-left awb-gradient-text\" style=\"margin:0;background-color:var(--awb-color5);background-image:linear-gradient(90deg, var(--awb-color5) 25%,var(--awb-custom_color_3) 100%);\">Cookie-Richtlinie<\/h1><\/div><nav class=\"fusion-breadcrumbs awb-yoast-breadcrumbs fusion-breadcrumbs-1 fusion-animated\" style=\"--awb-breadcrumb-sep:&#039;\/&#039;;\" aria-label=\"Breadcrumb\" data-animationType=\"fadeInUp\" data-animationDuration=\"0.6\" data-animationDelay=\"0.3\" data-animationOffset=\"top-into-view\"><span><span><a href=\"https:\/\/rainbow-harvest.com\/de\/\">Portada<\/a><\/span><\/span><\/nav><div class=\"fusion-section-separator section-separator paint fusion-section-separator-1\" style=\"--awb-spacer-height:100px;--awb-svg-margin-left:1.92%;--awb-svg-margin-right:1.92%;--awb-svg-margin-left-medium:1.92%;--awb-svg-margin-right-medium:1.92%;--awb-svg-margin-left-small:1.92%;--awb-svg-margin-right-small:1.92%;--awb-divider-height:100px;--awb-spacer-padding-top:inherit;--awb-bg-size:100% 100px;--awb-bg-size-medium:100% 100%;--awb-bg-size-small:100% 100%;\"><div class=\"fusion-section-separator-svg\"><div class=\"fusion-paint-candy-sep fusion-section-separator-svg-bg\" style=\"background-image:url( data:image\/svg+xml;utf8,%3Csvg%20xmlns%3D%22http%3A%2F%2Fwww.w3.org%2F2000%2Fsvg%22%20version%3D%221.1%22%20width%3D%22100%25%22%20viewBox%3D%220%200%201803%2080%22%20preserveAspectRatio%3D%22none%22%20fill%3D%22rgba%28255%2C255%2C255%2C1%29%22%3E%3Cpath%20fill-rule%3D%22evenodd%22%20clip-rule%3D%22evenodd%22%20d%3D%22M0%2080H1803V26C1784.41%2025.8996%201762.68%209.75718%201738.97%209.57099C1693.26%207.04734%201626.64%205%201620%205C1613.36%205%201618.69%206.38627%201635.43%208.57938C1519.69%207.26321%201396.35%205.10623%201357.8%202.00005C1283.33%20-3.99995%20628.99%2011.0001%20613.147%2019.0001C611.092%2020.0374%20598.481%2019.7347%20581.75%2019.333C565.698%2018.9477%20545.856%2018.4714%20527.905%2019.0001C484.229%2017.4357%20343.332%2026.7%20339%2027.5C335.893%2028.0739%20354.583%2028.5402%20379.722%2029.1674C389.625%2029.4145%20400.529%2029.6866%20411.495%2030C300.112%2032.3341%20233.922%2025.2149%20204.382%2019.0001C170.16%2011.8001%2053.8682%2019.3334%200%2026.0001V80ZM931.932%2015C986.631%2011.7818%201105.82%206.01373%201144.97%208.68733C1158.02%209.57804%201148.42%209.68297%201126.58%209.92161C1113.52%2010.0644%201096.09%2010.255%201076.5%2010.6902C1056.27%2011.1397%201033.75%2011.9388%201011.4%2012.7321C982.962%2013.7411%20954.791%2014.7408%20931.932%2015Z%22%20fill%3D%22var%28--awb-color1%29%22%2F%3E%3C%2Fsvg%3E );\"><\/div><\/div><div class=\"fusion-section-separator-spacer\"><div class=\"fusion-section-separator-spacer-height\"><\/div><\/div><\/div><\/div><\/div><\/div><\/div>\n<div class=\"fusion-fullwidth fullwidth-box fusion-builder-row-2 fusion-flex-container has-pattern-background has-mask-background nonhundred-percent-fullwidth non-hundred-percent-height-scrolling\" style=\"--awb-border-radius-top-left:0px;--awb-border-radius-top-right:0px;--awb-border-radius-bottom-right:0px;--awb-border-radius-bottom-left:0px;--awb-flex-wrap:wrap;\" ><div class=\"fusion-builder-row fusion-row fusion-flex-align-items-flex-start fusion-flex-content-wrap\" style=\"max-width:1414.4px;margin-left: calc(-4% \/ 2 );margin-right: calc(-4% \/ 2 );\"><div class=\"fusion-layout-column fusion_builder_column fusion-builder-column-1 fusion_builder_column_1_1 1_1 fusion-flex-column\" style=\"--awb-bg-size:cover;--awb-width-large:100%;--awb-margin-top-large:0px;--awb-spacing-right-large:1.92%;--awb-margin-bottom-large:20px;--awb-spacing-left-large:1.92%;--awb-width-medium:100%;--awb-order-medium:0;--awb-spacing-right-medium:1.92%;--awb-spacing-left-medium:1.92%;--awb-width-small:100%;--awb-order-small:0;--awb-spacing-right-small:1.92%;--awb-spacing-left-small:1.92%;\"><div class=\"fusion-column-wrapper fusion-column-has-shadow fusion-flex-justify-content-flex-start fusion-content-layout-column\"><div class=\"fusion-text fusion-text-1\"><p><strong>1.- VORBEMERKUNGEN<\/strong><\/p>\n<p>Gem\u00e4\u00df der spanischen Gesetzgebung, die die Verwendung von Cookies regelt, informieren wir Sie \u00fcber die auf dieser Website verwendeten Cookies.<\/p>\n<p><strong>2.- WAS SIND COOKIES?<\/strong><\/p>\n<p>Ein Cookie ist eine Datei, die beim Zugriff auf bestimmte Webseiten auf dem Computer des Nutzers heruntergeladen wird und Informationen beim Surfen speichert und abruft. Cookies erm\u00f6glichen unter anderem, Sie als Nutzer zu erkennen, Informationen \u00fcber die Surfgewohnheiten des Nutzers zu erhalten oder die Darstellung der Inhalte zu personalisieren. Die Verwendung von Cookies durch diese Website wird in dieser Cookie-Richtlinie beschrieben.<\/p>\n<p><strong>3.- ARTEN VON COOKIES<\/strong><\/p>\n<p>Cookies k\u00f6nnen wie folgt klassifiziert werden:<\/p>\n<p><strong><u>Cookies nach der verantwortlichen Stelle<\/u><\/strong>:<\/p>\n<p>1.- <strong>Eigene Cookies:<\/strong> Diese werden vom Endger\u00e4t des Nutzers von einem System oder einer Domain versendet, die vom Herausgeber selbst verwaltet wird und von der aus der vom Nutzer angeforderte Service bereitgestellt wird.<\/p>\n<p>2.- <strong>Cookies von Drittanbietern:<\/strong> Diese werden vom Endger\u00e4t des Nutzers von einem System oder einer Domain versendet, die nicht vom Herausgeber verwaltet wird, sondern von einer anderen Einrichtung, die die durch die Cookies gewonnenen Daten verarbeitet.<\/p>\n<p><strong><u>Cookies nach ihrem Zweck<\/u><\/strong>:<\/p>\n<p>1.- <strong>Technische Cookies:<\/strong> Diese erm\u00f6glichen dem Nutzer das Surfen auf einer Webseite, Plattform oder Anwendung sowie die Nutzung der verschiedenen dort vorhandenen Optionen oder Dienste, einschlie\u00dflich derer, die der Herausgeber zur Verwaltung und zum Betrieb der Webseite sowie zur Aktivierung ihrer Funktionen und Dienste verwendet.<\/p>\n<p>2.-<strong> Pr\u00e4ferenz- oder Personalisierungs-Cookies:<\/strong> Diese speichern Informationen, damit der Nutzer den Dienst mit bestimmten Merkmalen nutzen kann, die seine Erfahrung von der anderer Nutzer unterscheiden k\u00f6nnen.<\/p>\n<p>3.- <strong>Analyse- oder Mess-Cookies:<\/strong> Diese erm\u00f6glichen dem Verantwortlichen das Nachverfolgen und Analysieren des Verhaltens der Nutzer der Webseiten, mit denen sie verkn\u00fcpft sind.<\/p>\n<p>4.- <strong>Verhaltensbezogene Werbe-Cookies:<\/strong> Diese speichern Informationen \u00fcber das Verhalten der Nutzer, die durch die kontinuierliche Beobachtung ihrer Surfgewohnheiten gewonnen werden<a href=\"https:\/\/www.psicologiatresmedios.com\/\">,<\/a> und erm\u00f6glichen so die Entwicklung eines spezifischen Profils, um gezielte Werbung anzuzeigen.<\/p>\n<p><strong><u>Cookies nach der Speicherdauer<\/u><\/strong>:<\/p>\n<p>1.- <strong>Sitzungs-Cookies:<\/strong> Diese sind darauf ausgelegt, Daten zu sammeln und zu speichern, solange der Nutzer auf eine Webseite zugreift.<\/p>\n<p>2.- <strong>Persistente Cookies:<\/strong> Bei diesen bleiben die Daten auf dem Endger\u00e4t gespeichert und k\u00f6nnen w\u00e4hrend eines vom Verantwortlichen der Cookie festgelegten Zeitraums (von wenigen Minuten bis zu mehreren Jahren) abgerufen und verarbeitet werden.<\/p>\n<p><strong>4.- AUF DIESER WEBSITE VERWENDETE COOKIE-ARTEN<\/strong><\/p>\n<p>Unsere Webseite verwendet die folgenden Cookies:<\/p>\n<p>[cookie_audit_category columns=&#8220;cookie,type,duration,description&#8220;]<\/p>\n<p>Falls Sie Cookies von Drittanbietern akzeptieren, m\u00fcssen diese \u00fcber die Einstellungen des Browsers gel\u00f6scht werden, wie in Punkt 5 dieser Richtlinie beschrieben, oder \u00fcber das vom Drittanbieter bereitgestellte System.<\/p>\n<p><strong>5.- WIDERRUF UND L\u00d6SCHUNG VON COOKIES<\/strong><\/p>\n<p>Wenn Sie zum ersten Mal auf unsere Webseite zugreifen, k\u00f6nnen Sie die Verwendung aller unserer Cookies akzeptieren oder ablehnen oder, falls Sie es bevorzugen, die Einstellungen aufrufen und Cookies nach ihrem Typ akzeptieren, mit Ausnahme der technischen Cookies, f\u00fcr die keine Zustimmung des Nutzers erforderlich ist. Sie k\u00f6nnen Ihre Pr\u00e4ferenzen jederzeit \u00e4ndern, indem Sie auf unser Einstellungs-Panel zugreifen.<\/p>\n<p>Au\u00dferdem k\u00f6nnen Sie in den Einstellungen Ihres Browsers Cookies einschr\u00e4nken, blockieren oder l\u00f6schen, indem Sie einem der folgenden Verfahren folgen, die vom verwendeten Browser abh\u00e4ngen:<\/p>\n<p><strong>Google Chrome<\/strong><\/p>\n<p><a href=\"https:\/\/support.google.com\/chrome\/answer\/95647?hl=es\">https:\/\/support.google.com\/chrome\/answer\/95647?hl=es <\/a><\/p>\n<p><strong>Microsoft Edge<\/strong><\/p>\n<p><a href=\"https:\/\/support.microsoft.com\/es-es\/help\/17442\/windows-internet-explorer-delete-manage-cookies#ie=ie-9\">http:\/\/windows.microsoft.com\/es-es\/internet-explorer\/delete-manage-cookies#ie=ie-9 <\/a><\/p>\n<p><strong>Firefox<\/strong><br \/>\n<a href=\"http:\/\/support.mozilla.org\/es\/kb\/habilitar-y-deshabilitar-cookies-que-los-sitios-we\">http:\/\/support.mozilla.org\/es\/kb\/habilitar-y-deshabilitar-cookies-que-los-sitios-we <\/a><\/p>\n<p><strong>Safari, iPad und iPhone<\/strong><br \/>\n<a href=\"https:\/\/support.apple.com\/es-es\/HT201265\">https:\/\/support.apple.com\/es-es\/HT201265<\/a><\/p>\n<p><strong>Opera<\/strong><br \/>\n<a href=\"http:\/\/help.opera.com\/Linux\/10.60\/es-ES\/cookies.html\">http:\/\/help.opera.com\/Linux\/10.60\/es-ES\/cookies.html <\/a><\/p>\n<p><strong>6.- DIENSTLEISTUNGEN VON DRITTANBIETERN<\/strong><\/p>\n<p>Die Drittanbieter, mit denen wir einen Dienst vereinbart haben, f\u00fcr den die Verwendung von Cookies erforderlich ist, sind:<\/p>\n<p>Falls Sie Cookies von Drittanbietern akzeptieren, m\u00fcssen diese \u00fcber die Einstellungen des Browsers gel\u00f6scht werden, wie in Punkt 5 dieser Richtlinie beschrieben, oder \u00fcber das vom Drittanbieter bereitgestellte System.<\/p>\n<p>Au\u00dferdem k\u00f6nnen Sie sich \u00fcber internationale \u00dcbermittlungen an Drittl\u00e4nder informieren, die ggf. von den oben genannten Drittanbietern durchgef\u00fchrt werden, indem Sie in deren jeweiligen Richtlinien \u00fcber den Link im Bereich \u201eAnbieterinformationen\u201c der vorherigen Tabelle nachlesen.<\/p>\n<\/div><\/div><\/div><\/div><\/div><\/p>\n","protected":false},"excerpt":{"rendered":"","protected":false},"author":5,"featured_media":0,"parent":0,"menu_order":0,"comment_status":"closed","ping_status":"closed","template":"100-width.php","meta":{"footnotes":""},"class_list":["post-960","page","type-page","status-publish","hentry"],"yoast_head":"<!-- This site is optimized with the Yoast SEO plugin v25.3.1 - https:\/\/yoast.com\/wordpress\/plugins\/seo\/ -->\n<title>Cookie-Richtlinie - Rainbow Harvest<\/title>\n<meta name=\"robots\" content=\"index, follow, max-snippet:-1, max-image-preview:large, max-video-preview:-1\" \/>\n<link rel=\"canonical\" href=\"https:\/\/rainbow-harvest.com\/de\/cookie-richtlinie\/\" \/>\n<meta property=\"og:locale\" content=\"de_DE\" \/>\n<meta property=\"og:type\" content=\"article\" \/>\n<meta property=\"og:title\" content=\"Cookie-Richtlinie - Rainbow Harvest\" \/>\n<meta property=\"og:url\" content=\"https:\/\/rainbow-harvest.com\/de\/cookie-richtlinie\/\" \/>\n<meta property=\"og:site_name\" content=\"Rainbow Harvest\" \/>\n<meta property=\"article:modified_time\" content=\"2025-06-19T12:06:04+00:00\" \/>\n<meta name=\"twitter:card\" content=\"summary_large_image\" \/>\n<meta name=\"twitter:label1\" content=\"Gesch\u00e4tzte Lesezeit\" \/>\n\t<meta name=\"twitter:data1\" content=\"4\u00a0Minuten\" \/>\n<script type=\"application\/ld+json\" class=\"yoast-schema-graph\">{\"@context\":\"https:\/\/schema.org\",\"@graph\":[{\"@type\":\"WebPage\",\"@id\":\"https:\/\/rainbow-harvest.com\/de\/cookie-richtlinie\/\",\"url\":\"https:\/\/rainbow-harvest.com\/de\/cookie-richtlinie\/\",\"name\":\"Cookie-Richtlinie - Rainbow Harvest\",\"isPartOf\":{\"@id\":\"https:\/\/rainbow-harvest.com\/#website\"},\"datePublished\":\"2025-05-13T10:38:44+00:00\",\"dateModified\":\"2025-06-19T12:06:04+00:00\",\"breadcrumb\":{\"@id\":\"https:\/\/rainbow-harvest.com\/de\/cookie-richtlinie\/#breadcrumb\"},\"inLanguage\":\"de\",\"potentialAction\":[{\"@type\":\"ReadAction\",\"target\":[\"https:\/\/rainbow-harvest.com\/de\/cookie-richtlinie\/\"]}]},{\"@type\":\"BreadcrumbList\",\"@id\":\"https:\/\/rainbow-harvest.com\/de\/cookie-richtlinie\/#breadcrumb\",\"itemListElement\":[{\"@type\":\"ListItem\",\"position\":1,\"name\":\"Portada\",\"item\":\"https:\/\/rainbow-harvest.com\/de\/\"},{\"@type\":\"ListItem\",\"position\":2,\"name\":\"Cookie-Richtlinie\"}]},{\"@type\":\"WebSite\",\"@id\":\"https:\/\/rainbow-harvest.com\/#website\",\"url\":\"https:\/\/rainbow-harvest.com\/\",\"name\":\"Rainbow Harvest\",\"description\":\"Rainbow Harvest\",\"publisher\":{\"@id\":\"https:\/\/rainbow-harvest.com\/#organization\"},\"potentialAction\":[{\"@type\":\"SearchAction\",\"target\":{\"@type\":\"EntryPoint\",\"urlTemplate\":\"https:\/\/rainbow-harvest.com\/?s={search_term_string}\"},\"query-input\":{\"@type\":\"PropertyValueSpecification\",\"valueRequired\":true,\"valueName\":\"search_term_string\"}}],\"inLanguage\":\"de\"},{\"@type\":\"Organization\",\"@id\":\"https:\/\/rainbow-harvest.com\/#organization\",\"name\":\"Rainbow Harvest\",\"url\":\"https:\/\/rainbow-harvest.com\/\",\"logo\":{\"@type\":\"ImageObject\",\"inLanguage\":\"de\",\"@id\":\"https:\/\/rainbow-harvest.com\/#\/schema\/logo\/image\/\",\"url\":\"https:\/\/rainbow-harvest.com\/wp-content\/uploads\/2025\/05\/logo_rainbow1.png\",\"contentUrl\":\"https:\/\/rainbow-harvest.com\/wp-content\/uploads\/2025\/05\/logo_rainbow1.png\",\"width\":190,\"height\":97,\"caption\":\"Rainbow Harvest\"},\"image\":{\"@id\":\"https:\/\/rainbow-harvest.com\/#\/schema\/logo\/image\/\"}}]}<\/script>\n<!-- \/ Yoast SEO plugin. -->","yoast_head_json":{"title":"Cookie-Richtlinie - Rainbow Harvest","robots":{"index":"index","follow":"follow","max-snippet":"max-snippet:-1","max-image-preview":"max-image-preview:large","max-video-preview":"max-video-preview:-1"},"canonical":"https:\/\/rainbow-harvest.com\/de\/cookie-richtlinie\/","og_locale":"de_DE","og_type":"article","og_title":"Cookie-Richtlinie - Rainbow Harvest","og_url":"https:\/\/rainbow-harvest.com\/de\/cookie-richtlinie\/","og_site_name":"Rainbow Harvest","article_modified_time":"2025-06-19T12:06:04+00:00","twitter_card":"summary_large_image","twitter_misc":{"Gesch\u00e4tzte Lesezeit":"4\u00a0Minuten"},"schema":{"@context":"https:\/\/schema.org","@graph":[{"@type":"WebPage","@id":"https:\/\/rainbow-harvest.com\/de\/cookie-richtlinie\/","url":"https:\/\/rainbow-harvest.com\/de\/cookie-richtlinie\/","name":"Cookie-Richtlinie - Rainbow Harvest","isPartOf":{"@id":"https:\/\/rainbow-harvest.com\/#website"},"datePublished":"2025-05-13T10:38:44+00:00","dateModified":"2025-06-19T12:06:04+00:00","breadcrumb":{"@id":"https:\/\/rainbow-harvest.com\/de\/cookie-richtlinie\/#breadcrumb"},"inLanguage":"de","potentialAction":[{"@type":"ReadAction","target":["https:\/\/rainbow-harvest.com\/de\/cookie-richtlinie\/"]}]},{"@type":"BreadcrumbList","@id":"https:\/\/rainbow-harvest.com\/de\/cookie-richtlinie\/#breadcrumb","itemListElement":[{"@type":"ListItem","position":1,"name":"Portada","item":"https:\/\/rainbow-harvest.com\/de\/"},{"@type":"ListItem","position":2,"name":"Cookie-Richtlinie"}]},{"@type":"WebSite","@id":"https:\/\/rainbow-harvest.com\/#website","url":"https:\/\/rainbow-harvest.com\/","name":"Rainbow Harvest","description":"Rainbow Harvest","publisher":{"@id":"https:\/\/rainbow-harvest.com\/#organization"},"potentialAction":[{"@type":"SearchAction","target":{"@type":"EntryPoint","urlTemplate":"https:\/\/rainbow-harvest.com\/?s={search_term_string}"},"query-input":{"@type":"PropertyValueSpecification","valueRequired":true,"valueName":"search_term_string"}}],"inLanguage":"de"},{"@type":"Organization","@id":"https:\/\/rainbow-harvest.com\/#organization","name":"Rainbow Harvest","url":"https:\/\/rainbow-harvest.com\/","logo":{"@type":"ImageObject","inLanguage":"de","@id":"https:\/\/rainbow-harvest.com\/#\/schema\/logo\/image\/","url":"https:\/\/rainbow-harvest.com\/wp-content\/uploads\/2025\/05\/logo_rainbow1.png","contentUrl":"https:\/\/rainbow-harvest.com\/wp-content\/uploads\/2025\/05\/logo_rainbow1.png","width":190,"height":97,"caption":"Rainbow Harvest"},"image":{"@id":"https:\/\/rainbow-harvest.com\/#\/schema\/logo\/image\/"}}]}},"_links":{"self":[{"href":"https:\/\/rainbow-harvest.com\/de\/wp-json\/wp\/v2\/pages\/960","targetHints":{"allow":["GET"]}}],"collection":[{"href":"https:\/\/rainbow-harvest.com\/de\/wp-json\/wp\/v2\/pages"}],"about":[{"href":"https:\/\/rainbow-harvest.com\/de\/wp-json\/wp\/v2\/types\/page"}],"author":[{"embeddable":true,"href":"https:\/\/rainbow-harvest.com\/de\/wp-json\/wp\/v2\/users\/5"}],"replies":[{"embeddable":true,"href":"https:\/\/rainbow-harvest.com\/de\/wp-json\/wp\/v2\/comments?post=960"}],"version-history":[{"count":4,"href":"https:\/\/rainbow-harvest.com\/de\/wp-json\/wp\/v2\/pages\/960\/revisions"}],"predecessor-version":[{"id":1111,"href":"https:\/\/rainbow-harvest.com\/de\/wp-json\/wp\/v2\/pages\/960\/revisions\/1111"}],"wp:attachment":[{"href":"https:\/\/rainbow-harvest.com\/de\/wp-json\/wp\/v2\/media?parent=960"}],"curies":[{"name":"wp","href":"https:\/\/api.w.org\/{rel}","templated":true}]}}